{"id":1591,"date":"2024-08-28T21:18:39","date_gmt":"2024-08-28T21:18:39","guid":{"rendered":"https:\/\/www.aewesome.com\/?page_id=1591\/"},"modified":"2024-08-28T21:18:39","modified_gmt":"2024-08-28T21:18:39","slug":"aviso-legal","status":"publish","type":"page","link":"https:\/\/www.aewesome.com\/es\/aviso-legal\/","title":{"rendered":"Aviso Legal"},"content":{"rendered":"<h2 class=\"wp-block-heading\">Datos de la empresa<\/h2>\n<ul class=\"wp-block-list\">\n<li><strong>Representante legal:<\/strong> Aewesome S.L<\/li>\n<li><b>NIF: <\/b>B19673813<\/li>\n<li><strong>Nombre comercial:<\/strong> Aewesome<\/li>\n<li><strong>Direcci\u00f3n:<\/strong> CALLE JOAQUIN DICENTA, 2 &#8211; PISO 1 D<\/li>\n<li><strong>E-mail:<\/strong> info@aewesome.com<\/li>\n<\/ul>\n<p>Adem\u00e1s, en este espacio, el usuario, podr\u00e1 encontrar toda la informaci\u00f3n relativa a los\u00a0<strong>t\u00e9rminos y condiciones legales<\/strong>\u00a0que definen las relaciones entre los usuarios y\u00a0<strong>La Web<\/strong>. Como usuario, es importante que conozcas estos t\u00e9rminos antes de continuar tu navegaci\u00f3n.<\/p>\n<p><strong>Esta web<\/strong>\u00a0como responsable, asume el compromiso de procesar la informaci\u00f3n de los usuarios y clientes con plenas garant\u00edas y cumplir con los requisitos nacionales y europeos que regulan la recopilaci\u00f3n y uso de los datos personales de los usuarios.<\/p>\n<p>Esta web cumple con el Reglamento (UE) 2016\/679 del Parlamento Europeo y del Consejo de 27 de abril de 2016 relativo al\u00a0<strong>Reglamento general de protecci\u00f3n de datos (RGPD)<\/strong>, as\u00ed como con la Ley 34\/2002, de 11 de julio, de Servicios de la Sociedad de la Informaci\u00f3n y Comercio Electr\u00f3nico (LSSICE \u00f3 LSSI).<\/p>\n<p>Esta web cumple con la Ley de Privacidad del Consumidor de California (CCPA). La legislaci\u00f3n estatal de privacidad de datos m\u00e1s completa hasta la fecha es la Ley de Privacidad del Consumidor de California (CCPA), promulgada el 28 de junio de 2018 y entr\u00f3 en vigor el 1 de enero de 2020.<\/p>\n<h2 class=\"wp-block-heading\">Condiciones generales de uso<\/h2>\n<p>Las presentes Condiciones Generales regulan el uso (incluyendo el mero acceso) de las p\u00e1ginas de web, integrantes de este sitio web incluidos los contenidos y servicios puestos a disposici\u00f3n en ellas. Toda persona que acceda a esta web, acepta someterse a las Condiciones Generales vigentes en cada momento de este portal.<\/p>\n<h2 class=\"wp-block-heading\">Compromisos y obligaciones de los usuarios<\/h2>\n<p>El usuario queda informado, y acepta, que el acceso a la presente web no supone, en modo alguno, el inicio de una relaci\u00f3n comercial con\u00a0<strong>esta web<\/strong>. De esta forma, el usuario se compromete a utilizar el sitio web, sus servicios y contenidos sin contravenir la legislaci\u00f3n vigente, la buena fe y el orden p\u00fablico.<\/p>\n<p>Queda prohibido el uso de la web, con fines il\u00edcitos o lesivos, o que, de cualquier forma, puedan causar perjuicio o impedir el normal funcionamiento del sitio web. Respecto de los contenidos de esta web, se proh\u00edbe:<\/p>\n<ul class=\"wp-block-list\">\n<li>Su reproducci\u00f3n, distribuci\u00f3n o modificaci\u00f3n, total o parcial, a menos que se cuente con autorizaci\u00f3n expresa como leg\u00edtimo titular.<\/li>\n<li>Cualquier vulneraci\u00f3n de los derechos del prestador o de\u00a0<strong>esta web<\/strong>\u00a0como leg\u00edtimo titular.<\/li>\n<li>Su utilizaci\u00f3n para fines comerciales o publicitarios.<\/li>\n<\/ul>\n<p>En la utilizaci\u00f3n de esta web, el usuario se compromete a no llevar a cabo\u00a0ninguna conducta\u00a0que pudiera da\u00f1ar la imagen, los intereses y los derechos de\u00a0<strong>esta web<\/strong>\u00a0o de terceros o que pudiera da\u00f1ar, inutilizar o sobrecargar este portal o que impidiera, de cualquier forma, la normal utilizaci\u00f3n de la web.<\/p>\n<p>No obstante, el usuario debe ser consciente de que las medidas de seguridad de los sistemas inform\u00e1ticos en Internet no son enteramente fiables y que, por tanto\u00a0<strong>esta web<\/strong>\u00a0no puede garantizar la inexistencia de malware u otros elementos que puedan producir alteraciones en los sistemas inform\u00e1ticos (software y hardware) del usuario o en sus documentos electr\u00f3nicos y ficheros contenidos en los mismos aunque ponemos todos los medios necesarios y las medidas de seguridad oportunas para evitar la presencia de estos elementos da\u00f1inos.<\/p>\n<h2 class=\"wp-block-heading\">Medidas de seguridad<\/h2>\n<p>Los datos personales comunicados por el usuario a\u00a0<strong>esta web<\/strong>\u00a0pueden ser almacenados en bases de datos automatizadas o no, cuya titularidad corresponde en exclusiva a\u00a0<strong>esta web<\/strong>, asumiendo \u00e9sta todas las medidas de \u00edndole t\u00e9cnica, organizativa y de seguridad que garantizan la confidencialidad, integridad y calidad de la informaci\u00f3n contenida en las mismas de acuerdo con lo establecido en la normativa vigente en protecci\u00f3n de datos.<\/p>\n<p>La comunicaci\u00f3n entre los usuarios y\u00a0<strong>esta web<\/strong>\u00a0utiliza un canal seguro, y los datos transmitidos son cifrados gracias a protocolos a https, por tanto, garantizo las mejores condiciones de seguridad para que la confidencialidad de los usuarios est\u00e9 garantizada.<\/p>\n<h2 class=\"wp-block-heading\">Plataforma de resoluci\u00f3n de conflictos<\/h2>\n<p>Ponemos tambi\u00e9n a disposici\u00f3n de los usuarios la plataforma de resoluci\u00f3n de litigios que facilita la Comisi\u00f3n Europea y que se encuentra disponible en el siguiente\u00a0<a href=\"https:\/\/commission.europa.eu\/strategy-and-policy\/policies\/consumers_es\" target=\"_blank\" rel=\"noreferrer noopener\"><strong>enlace<\/strong><\/a>.<\/p>\n<h2 class=\"wp-block-heading\">Derechos de propiedad intelectual e industrial<\/h2>\n<p>En virtud de lo dispuesto en los art\u00edculos 8 y 32.1, p\u00e1rrafo segundo, de la Ley de Propiedad Intelectual, quedan expresamente prohibidas la reproducci\u00f3n, la distribuci\u00f3n y la comunicaci\u00f3n p\u00fablica, incluida su modalidad de puesta a disposici\u00f3n, de la totalidad o parte de los contenidos de esta p\u00e1gina web, con fines comerciales, en cualquier soporte y por cualquier medio t\u00e9cnico, sin la autorizaci\u00f3n de\u00a0<strong>esta web<\/strong>. El usuario se compromete a respetar los derechos de Propiedad Intelectual e Industrial titularidad de\u00a0<strong>esta web<\/strong>.<\/p>\n<p>El usuario conoce y acepta que la totalidad del sitio web, conteniendo sin car\u00e1cter exhaustivo el texto, software, contenidos (incluyendo estructura, selecci\u00f3n, ordenaci\u00f3n y presentaci\u00f3n de los mismos) fotograf\u00edas, material audiovisual y gr\u00e1ficos, est\u00e1 protegida por marcas, derechos de autor y otros derechos leg\u00edtimos, de acuerdo con los tratados internacionales en los que la Uni\u00f3n Europea es parte y otros derechos de propiedad y leyes europeas.<\/p>\n<p>En el caso de que un usuario o un tercero consideren que se ha producido una violaci\u00f3n de sus leg\u00edtimos derechos de propiedad intelectual por la introducci\u00f3n de un determinado contenido en la web, deber\u00e1 notificar dicha circunstancia a\u00a0<strong>esta web<\/strong>\u00a0indicando:<\/p>\n<ul class=\"wp-block-list\">\n<li>Datos personales del interesado titular de los derechos presuntamente infringidos, o indicar la representaci\u00f3n con la que act\u00faa en caso de que la reclamaci\u00f3n la presente un tercero distinto del interesado.<\/li>\n<li>Se\u00f1alar los contenidos protegidos por los derechos de propiedad intelectual y su ubicaci\u00f3n en la web, la acreditaci\u00f3n de los derechos de propiedad intelectual se\u00f1alados y declaraci\u00f3n expresa en la que el interesado se responsabiliza de la veracidad de las informaciones facilitadas en la notificaci\u00f3n.<\/li>\n<\/ul>\n<h2 class=\"wp-block-heading\">Exclusi\u00f3n de garant\u00edas y responsabilidad<\/h2>\n<p><strong>Esta web\u00a0<\/strong>no otorga ninguna garant\u00eda ni se hace responsable, en ning\u00fan caso, de los da\u00f1os y perjuicios de cualquier naturaleza que pudieran traer causa de:<\/p>\n<ul class=\"wp-block-list\">\n<li>La falta de disponibilidad, mantenimiento y efectivo funcionamiento de la web, o de sus servicios y contenidos;<\/li>\n<li>La existencia de malware, programas maliciosos o lesivos en los contenidos.<\/li>\n<li>El uso il\u00edcito, negligente, fraudulento o contrario a este Aviso Legal.<\/li>\n<li>La falta de licitud, calidad, fiabilidad, utilidad y disponibilidad de los servicios prestados por terceros y puestos a disposici\u00f3n de los usuarios en el sitio web.<\/li>\n<li>El prestador no se hace responsable bajo ning\u00fan concepto de los da\u00f1os que pudieran dimanar del uso ilegal o indebido de la presente p\u00e1gina web.<\/li>\n<\/ul>\n<h2 class=\"wp-block-heading\">Ley aplicable y jurisdicci\u00f3n<\/h2>\n<p>Con car\u00e1cter general las relaciones entre\u00a0<strong>esta web<\/strong>\u00a0con los usuarios de sus servicios telem\u00e1ticos, presentes en esta web se encuentran sometidas a la legislaci\u00f3n y jurisdicci\u00f3n de la Uni\u00f3n Europea y EE.UU.<\/p>\n","protected":false},"excerpt":{"rendered":"<p>Datos de la empresa Representante legal: Aewesome S.L NIF: B19673813 Nombre comercial: Aewesome Direcci\u00f3n: CALLE JOAQUIN DICENTA, 2 &#8211; PISO 1 D E-mail: info@aewesome.com Adem\u00e1s, en este espacio, el usuario, podr\u00e1 encontrar toda la informaci\u00f3n relativa a los\u00a0t\u00e9rminos y condiciones legales\u00a0que definen las relaciones entre los usuarios y\u00a0La Web. Como usuario, es importante que conozcas [&hellip;]<\/p>\n","protected":false},"author":1,"featured_media":0,"parent":0,"menu_order":0,"comment_status":"closed","ping_status":"closed","template":"","meta":{"_joinchat":[],"footnotes":""},"class_list":["post-1591","page","type-page","status-publish","hentry"],"yoast_head":"<!-- This site is optimized with the Yoast SEO plugin v25.9 - https:\/\/yoast.com\/wordpress\/plugins\/seo\/ -->\n<title>Aviso Legal - Aewesome Website<\/title>\n<meta name=\"robots\" content=\"index, follow, max-snippet:-1, max-image-preview:large, max-video-preview:-1\" \/>\n<link rel=\"canonical\" href=\"https:\/\/www.aewesome.com\/es\/aviso-legal\/\" \/>\n<meta property=\"og:locale\" content=\"es_ES\" \/>\n<meta property=\"og:type\" content=\"article\" \/>\n<meta property=\"og:title\" content=\"Aviso Legal - Aewesome Website\" \/>\n<meta property=\"og:description\" content=\"Datos de la empresa Representante legal: Aewesome S.L NIF: B19673813 Nombre comercial: Aewesome Direcci\u00f3n: CALLE JOAQUIN DICENTA, 2 &#8211; PISO 1 D E-mail: info@aewesome.com Adem\u00e1s, en este espacio, el usuario, podr\u00e1 encontrar toda la informaci\u00f3n relativa a los\u00a0t\u00e9rminos y condiciones legales\u00a0que definen las relaciones entre los usuarios y\u00a0La Web. Como usuario, es importante que conozcas [&hellip;]\" \/>\n<meta property=\"og:url\" content=\"https:\/\/www.aewesome.com\/es\/aviso-legal\/\" \/>\n<meta property=\"og:site_name\" content=\"Aewesome Website\" \/>\n<meta name=\"twitter:card\" content=\"summary_large_image\" \/>\n<meta name=\"twitter:label1\" content=\"Tiempo de lectura\" \/>\n\t<meta name=\"twitter:data1\" content=\"5 minutos\" \/>\n<script type=\"application\/ld+json\" class=\"yoast-schema-graph\">{\"@context\":\"https:\/\/schema.org\",\"@graph\":[{\"@type\":\"WebPage\",\"@id\":\"https:\/\/www.aewesome.com\/es\/aviso-legal\/\",\"url\":\"https:\/\/www.aewesome.com\/es\/aviso-legal\/\",\"name\":\"Aviso Legal - Aewesome Website\",\"isPartOf\":{\"@id\":\"https:\/\/www.aewesome.com\/es\/#website\"},\"datePublished\":\"2024-08-28T21:18:39+00:00\",\"breadcrumb\":{\"@id\":\"https:\/\/www.aewesome.com\/es\/aviso-legal\/#breadcrumb\"},\"inLanguage\":\"es\",\"potentialAction\":[{\"@type\":\"ReadAction\",\"target\":[\"https:\/\/www.aewesome.com\/es\/aviso-legal\/\"]}]},{\"@type\":\"BreadcrumbList\",\"@id\":\"https:\/\/www.aewesome.com\/es\/aviso-legal\/#breadcrumb\",\"itemListElement\":[{\"@type\":\"ListItem\",\"position\":1,\"name\":\"Portada\",\"item\":\"https:\/\/www.aewesome.com\/\"},{\"@type\":\"ListItem\",\"position\":2,\"name\":\"Aviso Legal\"}]},{\"@type\":\"WebSite\",\"@id\":\"https:\/\/www.aewesome.com\/es\/#website\",\"url\":\"https:\/\/www.aewesome.com\/es\/\",\"name\":\"Aewesome Website\",\"description\":\"Smart Home Engineering\",\"potentialAction\":[{\"@type\":\"SearchAction\",\"target\":{\"@type\":\"EntryPoint\",\"urlTemplate\":\"https:\/\/www.aewesome.com\/es\/?s={search_term_string}\"},\"query-input\":{\"@type\":\"PropertyValueSpecification\",\"valueRequired\":true,\"valueName\":\"search_term_string\"}}],\"inLanguage\":\"es\"}]}<\/script>\n<!-- \/ Yoast SEO plugin. -->","yoast_head_json":{"title":"Aviso Legal - Aewesome Website","robots":{"index":"index","follow":"follow","max-snippet":"max-snippet:-1","max-image-preview":"max-image-preview:large","max-video-preview":"max-video-preview:-1"},"canonical":"https:\/\/www.aewesome.com\/es\/aviso-legal\/","og_locale":"es_ES","og_type":"article","og_title":"Aviso Legal - Aewesome Website","og_description":"Datos de la empresa Representante legal: Aewesome S.L NIF: B19673813 Nombre comercial: Aewesome Direcci\u00f3n: CALLE JOAQUIN DICENTA, 2 &#8211; PISO 1 D E-mail: info@aewesome.com Adem\u00e1s, en este espacio, el usuario, podr\u00e1 encontrar toda la informaci\u00f3n relativa a los\u00a0t\u00e9rminos y condiciones legales\u00a0que definen las relaciones entre los usuarios y\u00a0La Web. Como usuario, es importante que conozcas [&hellip;]","og_url":"https:\/\/www.aewesome.com\/es\/aviso-legal\/","og_site_name":"Aewesome Website","twitter_card":"summary_large_image","twitter_misc":{"Tiempo de lectura":"5 minutos"},"schema":{"@context":"https:\/\/schema.org","@graph":[{"@type":"WebPage","@id":"https:\/\/www.aewesome.com\/es\/aviso-legal\/","url":"https:\/\/www.aewesome.com\/es\/aviso-legal\/","name":"Aviso Legal - Aewesome Website","isPartOf":{"@id":"https:\/\/www.aewesome.com\/es\/#website"},"datePublished":"2024-08-28T21:18:39+00:00","breadcrumb":{"@id":"https:\/\/www.aewesome.com\/es\/aviso-legal\/#breadcrumb"},"inLanguage":"es","potentialAction":[{"@type":"ReadAction","target":["https:\/\/www.aewesome.com\/es\/aviso-legal\/"]}]},{"@type":"BreadcrumbList","@id":"https:\/\/www.aewesome.com\/es\/aviso-legal\/#breadcrumb","itemListElement":[{"@type":"ListItem","position":1,"name":"Portada","item":"https:\/\/www.aewesome.com\/"},{"@type":"ListItem","position":2,"name":"Aviso Legal"}]},{"@type":"WebSite","@id":"https:\/\/www.aewesome.com\/es\/#website","url":"https:\/\/www.aewesome.com\/es\/","name":"Aewesome Website","description":"Smart Home Engineering","potentialAction":[{"@type":"SearchAction","target":{"@type":"EntryPoint","urlTemplate":"https:\/\/www.aewesome.com\/es\/?s={search_term_string}"},"query-input":{"@type":"PropertyValueSpecification","valueRequired":true,"valueName":"search_term_string"}}],"inLanguage":"es"}]}},"_links":{"self":[{"href":"https:\/\/www.aewesome.com\/es\/wp-json\/wp\/v2\/pages\/1591","targetHints":{"allow":["GET"]}}],"collection":[{"href":"https:\/\/www.aewesome.com\/es\/wp-json\/wp\/v2\/pages"}],"about":[{"href":"https:\/\/www.aewesome.com\/es\/wp-json\/wp\/v2\/types\/page"}],"author":[{"embeddable":true,"href":"https:\/\/www.aewesome.com\/es\/wp-json\/wp\/v2\/users\/1"}],"replies":[{"embeddable":true,"href":"https:\/\/www.aewesome.com\/es\/wp-json\/wp\/v2\/comments?post=1591"}],"version-history":[{"count":1,"href":"https:\/\/www.aewesome.com\/es\/wp-json\/wp\/v2\/pages\/1591\/revisions"}],"predecessor-version":[{"id":1592,"href":"https:\/\/www.aewesome.com\/es\/wp-json\/wp\/v2\/pages\/1591\/revisions\/1592"}],"wp:attachment":[{"href":"https:\/\/www.aewesome.com\/es\/wp-json\/wp\/v2\/media?parent=1591"}],"curies":[{"name":"wp","href":"https:\/\/api.w.org\/{rel}","templated":true}]}}