{"id":1589,"date":"2024-08-28T21:13:47","date_gmt":"2024-08-28T21:13:47","guid":{"rendered":"https:\/\/www.aewesome.com\/?page_id=1589\/"},"modified":"2024-08-28T21:13:47","modified_gmt":"2024-08-28T21:13:47","slug":"cookies","status":"publish","type":"page","link":"https:\/\/www.aewesome.com\/es\/cookies\/","title":{"rendered":"Cookies"},"content":{"rendered":"<p>Una de las formas en las que se recopila informaci\u00f3n es a trav\u00e9s del uso de la tecnolog\u00eda llamada \u201ccookies\u201d. En\u00a0<strong>esta web<\/strong>, se utilizan cookies para varias cosas. Vamos a describir cuales son los puntos m\u00e1s importantes a conocer sobre este tema, para que puedas saber realmente para que sirve, que hace una cookie y como poder gestionarla.<\/p>\n<h2 class=\"wp-block-heading\">\u00bfQu\u00e9 es una cookie?<\/h2>\n<p>Una \u201ccookie\u201d es una peque\u00f1a cantidad de texto que se almacena en tu navegador (como Chrome de Google o Safari de Apple) cuando navegas por la mayor\u00eda de los sitios web.<\/p>\n<h2 class=\"wp-block-heading\">\u00bfQu\u00e9 NO es una cookie?<\/h2>\n<p>No es un virus, ni un troyano, ni un gusano, ni spam, ni spyware, ni abre ventanas pop-up. Por tanto no supone ning\u00fan peligro para tu navegaci\u00f3n por esta web ya que no puede infectar tu equipo inform\u00e1tico.<\/p>\n<h2 class=\"wp-block-heading\">\u00bfQu\u00e9 informaci\u00f3n almacena una cookie?<\/h2>\n<p>Las cookies no suelen almacenar informaci\u00f3n sensible sobre ti, como tarjetas de cr\u00e9dito o datos bancarios, fotograf\u00edas o informaci\u00f3n personal, etc. Los datos que guardan son de car\u00e1cter t\u00e9cnico, estad\u00edsticos, preferencias personales, personalizaci\u00f3n de contenidos, etc.<\/p>\n<p>El servidor web no te asocia una cookie como persona, sino que lo hace a tu navegador web. De hecho, si navegas habitualmente con el navegador Chrome y pruebas a navegar por la misma web con el navegador Firefox, ver\u00e1s que la web no se da cuenta que eres la misma persona porque en realidad est\u00e1 asociando la informaci\u00f3n al navegador, no a la persona.<\/p>\n<h2 class=\"wp-block-heading\">\u00bfQu\u00e9 tipo de cookies existen?<\/h2>\n<ul class=\"wp-block-list\">\n<li><strong>Cookies t\u00e9cnicas:<\/strong>\u00a0Son las m\u00e1s elementales y permiten, entre otras cosas, saber cu\u00e1ndo est\u00e1 navegando un humano o una aplicaci\u00f3n automatizada, cu\u00e1ndo navega un usuario an\u00f3nimo y uno registrado, tareas b\u00e1sicas para el funcionamiento de cualquier web din\u00e1mica.<\/li>\n<li><strong>Cookies de an\u00e1lisis:<\/strong>\u00a0Recogen informaci\u00f3n sobre el tipo de navegaci\u00f3n que est\u00e1 realizando, las secciones que m\u00e1s utiliza, productos consultados, franja horaria de uso, idioma, etc.<\/li>\n<li><strong>Cookies publicitarias:<\/strong>\u00a0Muestran publicidad en funci\u00f3n de su navegaci\u00f3n, su pa\u00eds de procedencia, idioma, etc.<\/li>\n<\/ul>\n<h2 class=\"wp-block-heading\">\u00bfQu\u00e9 son las cookies propias y las de terceros?<\/h2>\n<p>Las cookies propias son las generadas por la p\u00e1gina que est\u00e1 visitando y las de terceros son las generadas por servicios o proveedores externos como MailerLite, Facebook, Twitter, Google, Amazon, etc.<\/p>\n<h2 class=\"wp-block-heading\">\u00bfQu\u00e9 cookies utiliza esta web?<\/h2>\n<p>Esta web utiliza cookies propias y de terceros. En este sitio web se utilizan las siguientes cookies que se detallan a continuaci\u00f3n:<\/p>\n<h3 class=\"wp-block-heading\">Cookies propias son las siguientes:<\/h3>\n<ul class=\"wp-block-list\">\n<li><strong>Inicio de sesi\u00f3n:<\/strong>\u00a0Las cookies para iniciar sesi\u00f3n te permiten entrar y salir de tu cuenta de\u00a0<strong>esta web.<\/strong><\/li>\n<li><strong>Personalizaci\u00f3n:<\/strong>\u00a0Las cookies nos ayudan a recordar con qu\u00e9 personas o sitios web has interactuado, para que pueda mostrarte contenido relacionado.<\/li>\n<li><strong>Preferencias:<\/strong>\u00a0Las cookies me permiten recordar tus ajustes y preferencias, como el idioma preferido y tu configuraci\u00f3n de privacidad.<\/li>\n<li><strong>Seguridad:<\/strong>\u00a0Utilizamos cookies para evitarte riesgos de seguridad. Principalmente para detectar cu\u00e1ndo alguien est\u00e1 intentando piratear tu cuenta en esta web.<\/li>\n<\/ul>\n<h3 class=\"wp-block-heading\">Cookies de terceros:<\/h3>\n<p>Esta web utiliza servicios de an\u00e1lisis, concretamente,\u00a0<strong>Google Analytics<\/strong>\u00a0para ayudar al website a analizar el uso que hacen los usuarios del sitio web y mejorar la usabilidad del mismo, pero en ning\u00fan caso se asocian a datos que pudieran llegar a identificar al usuario. Google Analytics, es un servicio anal\u00edtico de web prestado por Google, Inc., El usuario puede consultar\u00a0<strong><a href=\"https:\/\/policies.google.com\/technologies\/cookies?hl=es#types-of-cookies\" target=\"_blank\" rel=\"noreferrer noopener\">aqu\u00ed<\/a><\/strong>\u00a0el tipo de cookies utilizadas por Google.<\/p>\n<p><strong>Esta web<\/strong>\u00a0es usuaria de la plataforma de suministro y alojamiento de\u00a0<strong>blogs\u00a0WordPress<\/strong>, propiedad de la empresa norteamericana\u00a0<strong>Automattic, Inc<\/strong>. A tales efectos, los usos de tales cookies por los sistemas nunca est\u00e1n bajo control o gesti\u00f3n del responsable de esta web, pueden cambiar su funci\u00f3n en cualquier momento, y entrar cookies nuevas.<\/p>\n<p>Estas cookies tampoco reportan al responsable de esta web beneficio alguno. Automattic, Inc., utiliza adem\u00e1s otras cookies con la finalidad de ayudar a identificar y rastrear a los visitantes de los sitios de\u00a0<strong>WordPress<\/strong>, conocer el uso que hacen del sitio web de Automattic, as\u00ed como sus preferencias de acceso al mismo, tal y como se recoge en el apartado \u201c<strong>Cookies<\/strong>\u201d de su pol\u00edtica de privacidad.<\/p>\n<p>Las cookies de redes sociales pueden almacenarse en su navegador mientras navega por\u00a0<strong>esta web<\/strong>\u00a0por ejemplo, cuando utiliza el bot\u00f3n de compartir contenidos de\u00a0<strong>esta web<\/strong>\u00a0en alguna red social.<\/p>\n<p>Llevamos a cabo en ocasiones, acciones de remarketing mediante\u00a0<strong>Google AdWords o Facebook Ads<\/strong>, que utilizan las cookies para ayudar a ofrecer anuncios en l\u00ednea espec\u00edfico basado en visitas anteriores a este sitio web.<\/p>\n<ul class=\"wp-block-list\">\n<li>Cookies de Google, ver m\u00e1s informaci\u00f3n en su\u00a0<strong><a href=\"https:\/\/policies.google.com\/technologies\/ads?hl=es\" target=\"_blank\" rel=\"noreferrer noopener\">pol\u00edtica de cookies<\/a><\/strong><\/li>\n<li>Cookies de Facebook, ver m\u00e1s informaci\u00f3n en su\u00a0<strong><a href=\"https:\/\/www.facebook.com\/policies\/cookies\/\" target=\"_blank\" rel=\"noreferrer noopener\">pol\u00edtica de cookies<\/a><\/strong><\/li>\n<li>Cookies de Amazon, ver m\u00e1s informaci\u00f3n en su\u00a0<a href=\"https:\/\/www.amazon.es\/gp\/help\/customer\/display.html?nodeId=GX7NJQ4ZB8MHFRNJ\" target=\"_blank\" rel=\"noreferrer noopener\"><strong>pol\u00edtica de cookies<\/strong><\/a><\/li>\n<\/ul>\n<h2 class=\"wp-block-heading\">\u00bfSe pueden eliminar las cookies?<\/h2>\n<p>S\u00ed, y adem\u00e1s tambi\u00e9n bloquear, de forma general o particular para un dominio espec\u00edfico. Para eliminar las cookies de un sitio web debe ir a la configuraci\u00f3n de su navegador y all\u00ed podr\u00e1 buscar las asociadas al dominio en cuesti\u00f3n y proceder a su eliminaci\u00f3n.<\/p>\n<ul class=\"wp-block-list\">\n<li>Configuraci\u00f3n de cookies para\u00a0<strong><a href=\"https:\/\/support.google.com\/chrome\/answer\/95647?hl=es\" target=\"_blank\" rel=\"noreferrer noopener\">Google Chrome<\/a><\/strong><\/li>\n<li>Configuraci\u00f3n de cookies para\u00a0<strong><a href=\"https:\/\/support.apple.com\/es-es\/HT201265\" target=\"_blank\" rel=\"noreferrer noopener\">Apple Safari<\/a><\/strong><\/li>\n<li>Configuraci\u00f3n de cookies para\u00a0<strong><a href=\"https:\/\/support.microsoft.com\/es-es\/windows\/eliminar-y-administrar-cookies-168dab11-0753-043d-7c16-ede5947fc64d\" target=\"_blank\" rel=\"noreferrer noopener\">Internet Explorer<\/a><\/strong><\/li>\n<li>Configuraci\u00f3n de cookies para\u00a0<strong><a href=\"https:\/\/support.mozilla.org\/es\/kb\/proteccion-antirrastreo-mejorada-en-firefox-para-e\" target=\"_blank\" rel=\"noreferrer noopener\">Mozilla Firefox<\/a><\/strong><\/li>\n<\/ul>\n","protected":false},"excerpt":{"rendered":"<p>Una de las formas en las que se recopila informaci\u00f3n es a trav\u00e9s del uso de la tecnolog\u00eda llamada \u201ccookies\u201d. En\u00a0esta web, se utilizan cookies para varias cosas. Vamos a describir cuales son los puntos m\u00e1s importantes a conocer sobre este tema, para que puedas saber realmente para que sirve, que hace una cookie y [&hellip;]<\/p>\n","protected":false},"author":1,"featured_media":0,"parent":0,"menu_order":0,"comment_status":"closed","ping_status":"closed","template":"","meta":{"_joinchat":[],"footnotes":""},"class_list":["post-1589","page","type-page","status-publish","hentry"],"yoast_head":"<!-- This site is optimized with the Yoast SEO plugin v25.9 - https:\/\/yoast.com\/wordpress\/plugins\/seo\/ -->\n<title>Cookies - Aewesome Website<\/title>\n<meta name=\"robots\" content=\"index, follow, max-snippet:-1, max-image-preview:large, max-video-preview:-1\" \/>\n<link rel=\"canonical\" href=\"https:\/\/www.aewesome.com\/es\/cookies\/\" \/>\n<meta property=\"og:locale\" content=\"es_ES\" \/>\n<meta property=\"og:type\" content=\"article\" \/>\n<meta property=\"og:title\" content=\"Cookies - Aewesome Website\" \/>\n<meta property=\"og:description\" content=\"Una de las formas en las que se recopila informaci\u00f3n es a trav\u00e9s del uso de la tecnolog\u00eda llamada \u201ccookies\u201d. En\u00a0esta web, se utilizan cookies para varias cosas. Vamos a describir cuales son los puntos m\u00e1s importantes a conocer sobre este tema, para que puedas saber realmente para que sirve, que hace una cookie y [&hellip;]\" \/>\n<meta property=\"og:url\" content=\"https:\/\/www.aewesome.com\/es\/cookies\/\" \/>\n<meta property=\"og:site_name\" content=\"Aewesome Website\" \/>\n<meta name=\"twitter:card\" content=\"summary_large_image\" \/>\n<meta name=\"twitter:label1\" content=\"Tiempo de lectura\" \/>\n\t<meta name=\"twitter:data1\" content=\"4 minutos\" \/>\n<script type=\"application\/ld+json\" class=\"yoast-schema-graph\">{\"@context\":\"https:\/\/schema.org\",\"@graph\":[{\"@type\":\"WebPage\",\"@id\":\"https:\/\/www.aewesome.com\/es\/cookies\/\",\"url\":\"https:\/\/www.aewesome.com\/es\/cookies\/\",\"name\":\"Cookies - Aewesome Website\",\"isPartOf\":{\"@id\":\"https:\/\/www.aewesome.com\/es\/#website\"},\"datePublished\":\"2024-08-28T21:13:47+00:00\",\"breadcrumb\":{\"@id\":\"https:\/\/www.aewesome.com\/es\/cookies\/#breadcrumb\"},\"inLanguage\":\"es\",\"potentialAction\":[{\"@type\":\"ReadAction\",\"target\":[\"https:\/\/www.aewesome.com\/es\/cookies\/\"]}]},{\"@type\":\"BreadcrumbList\",\"@id\":\"https:\/\/www.aewesome.com\/es\/cookies\/#breadcrumb\",\"itemListElement\":[{\"@type\":\"ListItem\",\"position\":1,\"name\":\"Portada\",\"item\":\"https:\/\/www.aewesome.com\/\"},{\"@type\":\"ListItem\",\"position\":2,\"name\":\"Cookies\"}]},{\"@type\":\"WebSite\",\"@id\":\"https:\/\/www.aewesome.com\/es\/#website\",\"url\":\"https:\/\/www.aewesome.com\/es\/\",\"name\":\"Aewesome Website\",\"description\":\"Smart Home Engineering\",\"potentialAction\":[{\"@type\":\"SearchAction\",\"target\":{\"@type\":\"EntryPoint\",\"urlTemplate\":\"https:\/\/www.aewesome.com\/es\/?s={search_term_string}\"},\"query-input\":{\"@type\":\"PropertyValueSpecification\",\"valueRequired\":true,\"valueName\":\"search_term_string\"}}],\"inLanguage\":\"es\"}]}<\/script>\n<!-- \/ Yoast SEO plugin. -->","yoast_head_json":{"title":"Cookies - Aewesome Website","robots":{"index":"index","follow":"follow","max-snippet":"max-snippet:-1","max-image-preview":"max-image-preview:large","max-video-preview":"max-video-preview:-1"},"canonical":"https:\/\/www.aewesome.com\/es\/cookies\/","og_locale":"es_ES","og_type":"article","og_title":"Cookies - Aewesome Website","og_description":"Una de las formas en las que se recopila informaci\u00f3n es a trav\u00e9s del uso de la tecnolog\u00eda llamada \u201ccookies\u201d. En\u00a0esta web, se utilizan cookies para varias cosas. Vamos a describir cuales son los puntos m\u00e1s importantes a conocer sobre este tema, para que puedas saber realmente para que sirve, que hace una cookie y [&hellip;]","og_url":"https:\/\/www.aewesome.com\/es\/cookies\/","og_site_name":"Aewesome Website","twitter_card":"summary_large_image","twitter_misc":{"Tiempo de lectura":"4 minutos"},"schema":{"@context":"https:\/\/schema.org","@graph":[{"@type":"WebPage","@id":"https:\/\/www.aewesome.com\/es\/cookies\/","url":"https:\/\/www.aewesome.com\/es\/cookies\/","name":"Cookies - Aewesome Website","isPartOf":{"@id":"https:\/\/www.aewesome.com\/es\/#website"},"datePublished":"2024-08-28T21:13:47+00:00","breadcrumb":{"@id":"https:\/\/www.aewesome.com\/es\/cookies\/#breadcrumb"},"inLanguage":"es","potentialAction":[{"@type":"ReadAction","target":["https:\/\/www.aewesome.com\/es\/cookies\/"]}]},{"@type":"BreadcrumbList","@id":"https:\/\/www.aewesome.com\/es\/cookies\/#breadcrumb","itemListElement":[{"@type":"ListItem","position":1,"name":"Portada","item":"https:\/\/www.aewesome.com\/"},{"@type":"ListItem","position":2,"name":"Cookies"}]},{"@type":"WebSite","@id":"https:\/\/www.aewesome.com\/es\/#website","url":"https:\/\/www.aewesome.com\/es\/","name":"Aewesome Website","description":"Smart Home Engineering","potentialAction":[{"@type":"SearchAction","target":{"@type":"EntryPoint","urlTemplate":"https:\/\/www.aewesome.com\/es\/?s={search_term_string}"},"query-input":{"@type":"PropertyValueSpecification","valueRequired":true,"valueName":"search_term_string"}}],"inLanguage":"es"}]}},"_links":{"self":[{"href":"https:\/\/www.aewesome.com\/es\/wp-json\/wp\/v2\/pages\/1589","targetHints":{"allow":["GET"]}}],"collection":[{"href":"https:\/\/www.aewesome.com\/es\/wp-json\/wp\/v2\/pages"}],"about":[{"href":"https:\/\/www.aewesome.com\/es\/wp-json\/wp\/v2\/types\/page"}],"author":[{"embeddable":true,"href":"https:\/\/www.aewesome.com\/es\/wp-json\/wp\/v2\/users\/1"}],"replies":[{"embeddable":true,"href":"https:\/\/www.aewesome.com\/es\/wp-json\/wp\/v2\/comments?post=1589"}],"version-history":[{"count":1,"href":"https:\/\/www.aewesome.com\/es\/wp-json\/wp\/v2\/pages\/1589\/revisions"}],"predecessor-version":[{"id":1590,"href":"https:\/\/www.aewesome.com\/es\/wp-json\/wp\/v2\/pages\/1589\/revisions\/1590"}],"wp:attachment":[{"href":"https:\/\/www.aewesome.com\/es\/wp-json\/wp\/v2\/media?parent=1589"}],"curies":[{"name":"wp","href":"https:\/\/api.w.org\/{rel}","templated":true}]}}